{"id":682,"date":"2022-02-16T11:16:36","date_gmt":"2022-02-16T10:16:36","guid":{"rendered":"http:\/\/dev.comotion.se\/pollenkungen\/?page_id=682"},"modified":"2022-03-14T10:03:02","modified_gmt":"2022-03-14T09:03:02","slug":"dokumentaren","status":"publish","type":"page","link":"https:\/\/dev.comotion.se\/pollenkungen\/dokumentaren\/","title":{"rendered":"Dokument\u00e4ren"},"content":{"rendered":"\n<section class=\"wp-block-uagb-section uagb-section__wrap uagb-section__background-image alignfull uagb-block-f56aed68 section_height_80vh\"><div class=\"uagb-section__overlay\"><\/div><div class=\"uagb-section__inner-wrap\">\n<h1 class=\"has-text-align-center has-ast-global-color-4-color has-text-color wp-block-heading\">Dokument\u00e4ren<\/h1>\n<\/div><\/section>\n\n\n\n<section class=\"wp-block-uagb-section uagb-section__wrap uagb-section__background-undefined alignfull uagb-block-2858c206\"><div class=\"uagb-section__overlay\"><\/div><div class=\"uagb-section__inner-wrap\">\n<div class=\"waves_header\">\n\n<!--Waves Container-->\n<div>\n<svg class=\"waves\" xmlns=\"http:\/\/www.w3.org\/2000\/svg\" xmlns:xlink=\"http:\/\/www.w3.org\/1999\/xlink\" viewBox=\"0 24 150 28\" preserveAspectRatio=\"none\" shape-rendering=\"auto\">\n<defs>\n<path id=\"gentle-wave\" d=\"M-160 44c30 0 58-18 88-18s 58 18 88 18 58-18 88-18 58 18 88 18 v44h-352z\"><\/path>\n<\/defs>\n<g class=\"parallax\">\n<use xlink:href=\"#gentle-wave\" x=\"48\" y=\"0\" fill=\"rgba(99,0,226,0.7)\"><\/use>\n<use xlink:href=\"#gentle-wave\" x=\"48\" y=\"3\" fill=\"rgba(99,0,226,0.5)\"><\/use>\n<use xlink:href=\"#gentle-wave\" x=\"48\" y=\"5\" fill=\"rgba(99,0,226,0.3)\"><\/use>\n<use xlink:href=\"#gentle-wave\" x=\"48\" y=\"7\" fill=\"#FFF\"><\/use>\n<\/g>\n<\/svg>\n<\/div>\n<!--Waves end-->\n\n<\/div>\n<!--Header ends-->\n\n<style>\nbody {\n  margin:0;\n}\n\n.waves_header {\n  position:relative;\n  text-align:center;\n  \/*background: linear-gradient(60deg, rgba(84,58,183,1) 0%, rgba(0,172,193,1) 100%);*\/\n}\n\n.waves_header div {\n    background: #FFF;\n}\n\n.inner-header {\n  height:65vh;\n  width:100%;\n  margin: 0;\n  padding: 0;\n}\n\n.flex { \/*Flexbox for containers*\/\n  display: flex;\n  justify-content: center;\n  align-items: center;\n  text-align: center;\n}\n\n.waves {\n  position:relative;\n  width: 100%;\n  height:15vh;\n  margin-bottom:-7px; \/*Fix for safari gap*\/\n  min-height:100px;\n  max-height:150px;\nbackground: #FFF;\n}\n\n\/* Animation *\/\n\n.parallax > use {\n  animation: move-forever 25s cubic-bezier(.55,.5,.45,.5)     infinite;\n}\n.parallax > use:nth-child(1) {\n  animation-delay: -2s;\n  animation-duration: 7s;\n}\n.parallax > use:nth-child(2) {\n  animation-delay: -3s;\n  animation-duration: 10s;\n}\n.parallax > use:nth-child(3) {\n  animation-delay: -4s;\n  animation-duration: 13s;\n}\n.parallax > use:nth-child(4) {\n  animation-delay: -5s;\n  animation-duration: 20s;\n}\n@keyframes move-forever {\n  0% {\n   transform: translate3d(-90px,0,0);\n  }\n  100% { \n    transform: translate3d(85px,0,0);\n  }\n}\n\/*Shrinking for mobile*\/\n@media (max-width: 768px) {\n  .waves {\n    height:40px;\n    min-height:40px;\n  }\n  .content {\n    height:30vh;\n  }\n  h1 {\n    font-size:24px;\n  }\n}\n<\/style>\n<\/div><\/section>\n\n\n\n<section class=\"wp-block-uagb-section uagb-section__wrap uagb-section__background-color alignfull uagb-block-3fe7cfb2\"><div class=\"uagb-section__overlay\"><\/div><div class=\"uagb-section__inner-wrap\">\n<section class=\"wp-block-uagb-columns uagb-columns__wrap uagb-columns__background-undefined uagb-columns__stack-tablet uagb-columns__valign-center uagb-columns__gap-0 alignundefined uagb-block-4160b853\"><div class=\"uagb-columns__overlay\"><\/div><div class=\"uagb-columns__inner-wrap uagb-columns__columns-2\">\n<div class=\"wp-block-uagb-column uagb-column__wrap uagb-column__background-color uagb-block-1ffd9b62\"><div class=\"uagb-column__overlay\"><\/div><div class=\"uagb-column__inner-wrap\">\n<section class=\"wp-block-uagb-section uagb-section__wrap uagb-section__background-undefined uagb-block-aaab8f84\"><div class=\"uagb-section__overlay\"><\/div><div class=\"uagb-section__inner-wrap\">\n<h2 class=\"has-text-align-left animated fadeInUp long_text_font_size has-ast-global-color-1-color has-text-color wp-block-heading\" id=\"pollenkungen-ar-en-dokumentarserie-i-tre-delar\">Pollenkungen \u00e4r en dokument\u00e4rserie i tre delar.<br><\/h2>\n\n\n\n<p>Pollenkungen Del 1 UFO \u00e4r den f\u00f6rsta filmen i trilogin om entrepren\u00f6ren G\u00f6sta Carlsson. G\u00f6sta Carlsson, ocks\u00e5 kallad Pollenkungen blev m\u00e5ngmiljon\u00e4r p\u00e5 att samla in pollen i stor skala. En del av pengarna satsade han p\u00e5 R\u00f6gle BK, vilket ledde till stora framg\u00e5ngar p\u00e5 sextiotalet. Id\u00e9n och kunskapen om polleninsamling p\u00e5st\u00e5r G\u00f6sta att han f\u00e5tt i samband med sitt utomjordiska m\u00f6te 1946. Utomjordingarna l\u00e4mnade inte bara id\u00e9er utan \u00e4ven en stav och en ring, som idag \u00e4r sp\u00e5rl\u00f6st f\u00f6rsvunna. 1972 uppf\u00f6rde G\u00f6sta ett UFO-monument i skala 1:8 p\u00e5 platsen d\u00e4r utomjordingarna landade, f\u00f6r att minna h\u00e4ndelsen. Pollenkungen Del 1 UFO handlar om m\u00f6tet i gl\u00e4ntan.<\/p>\n<\/div><\/section>\n<\/div><\/div>\n\n\n\n<div class=\"wp-block-uagb-column uagb-column__wrap uagb-column__background-undefined uagb-block-854a8962\"><div class=\"uagb-column__overlay\"><\/div><div class=\"uagb-column__inner-wrap\">\n<section class=\"wp-block-uagb-columns uagb-columns__wrap uagb-columns__background-undefined uagb-columns__stack-mobile uagb-columns__valign-center uagb-columns__gap-0 alignundefined uagb-block-bd6d341f\"><div class=\"uagb-columns__overlay\"><\/div><div class=\"uagb-columns__inner-wrap uagb-columns__columns-2\">\n<div class=\"wp-block-uagb-column uagb-column__wrap uagb-column__background-undefined uagb-block-f4eed7a6 animated fadeInUp\"><div class=\"uagb-column__overlay\"><\/div><div class=\"uagb-column__inner-wrap\">\n<figure class=\"wp-block-image size-full dvd_front\"><img loading=\"lazy\" decoding=\"async\" width=\"3000\" height=\"1784\" src=\"https:\/\/dev.comotion.se\/pollenkungen\/wp-content\/uploads\/2022\/03\/white_shadow-1.png\" alt=\"\" class=\"wp-image-1668\" srcset=\"https:\/\/dev.comotion.se\/pollenkungen\/wp-content\/uploads\/2022\/03\/white_shadow-1.png 3000w, https:\/\/dev.comotion.se\/pollenkungen\/wp-content\/uploads\/2022\/03\/white_shadow-1-300x178.png 300w, https:\/\/dev.comotion.se\/pollenkungen\/wp-content\/uploads\/2022\/03\/white_shadow-1-1816x1080.png 1816w, https:\/\/dev.comotion.se\/pollenkungen\/wp-content\/uploads\/2022\/03\/white_shadow-1-768x457.png 768w, https:\/\/dev.comotion.se\/pollenkungen\/wp-content\/uploads\/2022\/03\/white_shadow-1-1536x913.png 1536w, https:\/\/dev.comotion.se\/pollenkungen\/wp-content\/uploads\/2022\/03\/white_shadow-1-2048x1218.png 2048w\" sizes=\"auto, (max-width: 3000px) 100vw, 3000px\" \/><\/figure>\n<\/div><\/div>\n\n\n\n<div class=\"wp-block-uagb-column uagb-column__wrap uagb-column__background-undefined uagb-block-9792a5a4 animated fadeInUp\"><div class=\"uagb-column__overlay\"><\/div><div class=\"uagb-column__inner-wrap\">\n<figure class=\"wp-block-image size-full dvd_back\"><img loading=\"lazy\" decoding=\"async\" width=\"2000\" height=\"1748\" src=\"https:\/\/dev.comotion.se\/pollenkungen\/wp-content\/uploads\/2022\/03\/MockUp_back.png\" alt=\"dvd back\" class=\"wp-image-1729\" srcset=\"https:\/\/dev.comotion.se\/pollenkungen\/wp-content\/uploads\/2022\/03\/MockUp_back.png 2000w, https:\/\/dev.comotion.se\/pollenkungen\/wp-content\/uploads\/2022\/03\/MockUp_back-300x262.png 300w, https:\/\/dev.comotion.se\/pollenkungen\/wp-content\/uploads\/2022\/03\/MockUp_back-1236x1080.png 1236w, https:\/\/dev.comotion.se\/pollenkungen\/wp-content\/uploads\/2022\/03\/MockUp_back-768x671.png 768w, https:\/\/dev.comotion.se\/pollenkungen\/wp-content\/uploads\/2022\/03\/MockUp_back-1536x1342.png 1536w\" sizes=\"auto, (max-width: 2000px) 100vw, 2000px\" \/><\/figure>\n<\/div><\/div>\n<\/div><\/section>\n<\/div><\/div>\n<\/div><\/section>\n<\/div><\/section>\n\n\n\n<section class=\"wp-block-uagb-section uagb-section__wrap uagb-section__background-none alignfull uagb-block-891989a5 moving_gradient\"><div class=\"uagb-section__overlay\"><\/div><div class=\"uagb-section__inner-wrap\">\n<h2 class=\"has-text-align-center animated fadeInUp has-white-color has-text-color wp-block-heading\" id=\"our-impact\"><strong>Pollenkungen: Del 1<\/strong><br><strong>&#8211; UFO Teaser (2015)<\/strong><\/h2>\n\n\n\n<section class=\"wp-block-uagb-section uagb-section__wrap uagb-section__background-undefined uagb-block-40ffbd1d animated fadeInUp\"><div class=\"uagb-section__overlay\"><\/div><div class=\"uagb-section__inner-wrap\">\n<figure class=\"wp-block-embed is-type-video is-provider-youtube wp-block-embed-youtube wp-embed-aspect-16-9 wp-has-aspect-ratio\"><div class=\"wp-block-embed__wrapper\">\n<div class=\"ast-oembed-container\"><iframe loading=\"lazy\" title=\"The Pollen King (Pollenkungen): Part 1 - UFO Teaser (2015)\" width=\"500\" height=\"281\" src=\"https:\/\/www.youtube.com\/embed\/09YBhhcBRZs?feature=oembed\" frameborder=\"0\" allow=\"accelerometer; autoplay; clipboard-write; encrypted-media; gyroscope; picture-in-picture; web-share\" referrerpolicy=\"strict-origin-when-cross-origin\" allowfullscreen><\/iframe><\/div>\n<\/div><\/figure>\n<\/div><\/section>\n\n\n\n<div class=\"wp-block-buttons animated fadeInUp is-content-justification-center is-layout-flex wp-container-core-buttons-is-layout-16018d1d wp-block-buttons-is-layout-flex\"><\/div>\n<\/div><\/section>\n\n\n\n<section class=\"wp-block-uagb-section uagb-section__wrap uagb-section__background-color alignfull uagb-block-328227c6 moving_gradient\"><div class=\"uagb-section__overlay\"><\/div><div class=\"uagb-section__inner-wrap\">\n<section class=\"wp-block-uagb-section uagb-section__wrap uagb-section__background-undefined uagb-block-fc1a4a9e\"><div class=\"uagb-section__overlay\"><\/div><div class=\"uagb-section__inner-wrap\">\n<div class=\"wp-block-columns is-layout-flex wp-container-core-columns-is-layout-9d6595d7 wp-block-columns-is-layout-flex\">\n<div class=\"wp-block-column animated fadeInUp is-layout-flow wp-block-column-is-layout-flow\">\n<h3 class=\"has-text-align-center has-ast-global-color-8-color has-text-color wp-block-heading\" id=\"hjej\">Del 1<\/h3>\n\n\n\n<p class=\"has-text-align-center has-ast-global-color-4-color has-text-color\">UFO: Vad h\u00e4nde egentligen<br>i gl\u00e4ntan den 18 maj 1946?<br>Var finns staven och ringen idag?<\/p>\n<\/div>\n\n\n\n<div class=\"wp-block-column animated fadeInUp delay-200ms is-layout-flow wp-block-column-is-layout-flow\">\n<h3 class=\"has-text-align-center has-ast-global-color-8-color has-text-color wp-block-heading\" id=\"hjej\">Del 2<\/h3>\n\n\n\n<h4 class=\"has-text-align-center has-ast-global-color-8-color has-text-color wp-block-heading\"><em>Kommande<\/em><\/h4>\n\n\n\n<p class=\"has-text-align-center has-ast-global-color-8-color has-text-color\">Entrepren\u00f6ren<\/p>\n<\/div>\n\n\n\n<div class=\"wp-block-column animated fadeInUp delay-500ms is-layout-flow wp-block-column-is-layout-flow\">\n<h3 class=\"has-text-align-center has-ast-global-color-8-color has-text-color wp-block-heading\" id=\"del-3\">Del 3<\/h3>\n\n\n\n<h4 class=\"has-text-align-center has-ast-global-color-8-color has-text-color wp-block-heading\"><em>Kommande<\/em><\/h4>\n\n\n\n<p class=\"has-text-align-center has-ast-global-color-8-color has-text-color\">R\u00f6gle BK<\/p>\n<\/div>\n<\/div>\n<\/div><\/section>\n<\/div><\/section>\n\n\n\n<div class=\"wp-block-group alignfull has-ast-global-color-4-color has-text-color has-background is-layout-flow wp-block-group-is-layout-flow\" style=\"background-color:#151515\"><div class=\"wp-block-group__inner-container\">\n<div style=\"height:50px\" aria-hidden=\"true\" id=\"aterforsaljare\" class=\"wp-block-spacer\"><\/div>\n\n\n\n<h2 class=\"has-text-align-center animated fadeInUp has-ast-global-color-8-color has-text-color wp-block-heading\">Del 1 hade premi\u00e4r 2015 och finns <br>att k\u00f6pa hos f\u00f6ljande \u00e5terf\u00f6rs\u00e4ljare<\/h2>\n\n\n\n<div style=\"height:50px\" aria-hidden=\"true\" class=\"wp-block-spacer\"><\/div>\n\n\n\n<div class=\"wp-block-group animated fadeInUp reseller-box shadow_variant_3 has-background is-layout-flow wp-block-group-is-layout-flow\" style=\"background:radial-gradient(rgb(172,115,237) 0%,rgb(99,0,226) 100%)\"><div class=\"wp-block-group__inner-container\">\n<div style=\"height:50px\" aria-hidden=\"true\" class=\"wp-block-spacer\"><\/div>\n\n\n\n<div class=\"wp-block-columns are-vertically-aligned-center is-layout-flex wp-container-core-columns-is-layout-9d6595d7 wp-block-columns-is-layout-flex\">\n<div class=\"wp-block-column is-vertically-aligned-center animated fadeInUp is-layout-flow wp-block-column-is-layout-flow\">\n<div class=\"wp-block-image\"><figure class=\"aligncenter size-full is-resized\"><a href=\"https:\/\/cdon.se\/film\/pollenkungen-del-1-ufo-p33320301\"><img loading=\"lazy\" decoding=\"async\" src=\"http:\/\/dev.comotion.se\/pollenkungen\/wp-content\/uploads\/2022\/02\/cdon.png\" alt=\"cdon logo\" class=\"wp-image-1085\" width=\"195\" height=\"195\" srcset=\"https:\/\/dev.comotion.se\/pollenkungen\/wp-content\/uploads\/2022\/02\/cdon.png 868w, https:\/\/dev.comotion.se\/pollenkungen\/wp-content\/uploads\/2022\/02\/cdon-300x300.png 300w, https:\/\/dev.comotion.se\/pollenkungen\/wp-content\/uploads\/2022\/02\/cdon-150x150.png 150w, https:\/\/dev.comotion.se\/pollenkungen\/wp-content\/uploads\/2022\/02\/cdon-768x768.png 768w\" sizes=\"auto, (max-width: 195px) 100vw, 195px\" \/><\/a><\/figure><\/div>\n<\/div>\n\n\n\n<div class=\"wp-block-column is-vertically-aligned-center animated fadeInUp delay-200ms is-layout-flow wp-block-column-is-layout-flow\">\n<div class=\"wp-block-image\"><figure class=\"aligncenter size-full is-resized\"><a href=\"https:\/\/www.ginza.se\/product\/pollenkungen\/336561\/\"><img loading=\"lazy\" decoding=\"async\" src=\"http:\/\/dev.comotion.se\/pollenkungen\/wp-content\/uploads\/2022\/02\/ginza-logo.png\" alt=\"ginza logo\" class=\"wp-image-1086\" width=\"204\" height=\"172\" srcset=\"https:\/\/dev.comotion.se\/pollenkungen\/wp-content\/uploads\/2022\/02\/ginza-logo.png 741w, https:\/\/dev.comotion.se\/pollenkungen\/wp-content\/uploads\/2022\/02\/ginza-logo-300x253.png 300w\" sizes=\"auto, (max-width: 204px) 100vw, 204px\" \/><\/a><\/figure><\/div>\n<\/div>\n\n\n\n<div class=\"wp-block-column is-vertically-aligned-center animated fadeInUp delay-500ms is-layout-flow wp-block-column-is-layout-flow\">\n<div class=\"wp-block-image\"><figure class=\"aligncenter size-full is-resized\"><a href=\"https:\/\/butik.btj.se\/default.aspx?search=pollenkungen&amp;startat=0&amp;sortOrder=Asc&amp;sortBy=Author&amp;media=Allt&amp;fetch=25&amp;lang=False&amp;avail=True&amp;robots=True\"><img loading=\"lazy\" decoding=\"async\" src=\"http:\/\/dev.comotion.se\/pollenkungen\/wp-content\/uploads\/2022\/02\/btj-butik.png\" alt=\"btj logo\" class=\"wp-image-1087\" width=\"142\" height=\"118\"\/><\/a><\/figure><\/div>\n<\/div>\n<\/div>\n\n\n\n<div style=\"height:25px\" aria-hidden=\"true\" class=\"wp-block-spacer\"><\/div>\n<\/div><\/div>\n\n\n\n<div style=\"height:150px\" aria-hidden=\"true\" class=\"wp-block-spacer\"><\/div>\n<\/div><\/div>\n","protected":false},"excerpt":{"rendered":"<p>Del 1 hade premi\u00e4r 2015 och finns att k\u00f6pa hos f\u00f6ljande \u00e5terf\u00f6rs\u00e4ljare<\/p>\n","protected":false},"author":1,"featured_media":0,"parent":0,"menu_order":0,"comment_status":"closed","ping_status":"closed","template":"","meta":{"site-sidebar-layout":"no-sidebar","site-content-layout":"plain-container","ast-main-header-display":"","ast-hfb-above-header-display":"","ast-hfb-below-header-display":"","ast-hfb-mobile-header-display":"","site-post-title":"disabled","ast-breadcrumbs-content":"","ast-featured-img":"disabled","footer-sml-layout":"","theme-transparent-header-meta":"enabled","adv-header-id-meta":"","stick-header-meta":"","header-above-stick-meta":"","header-main-stick-meta":"","header-below-stick-meta":"","footnotes":""},"class_list":["post-682","page","type-page","status-publish","hentry"],"featured_image_urls":{"full":"","thumbnail":"","medium":"","medium_large":"","large":"","1536x1536":"","2048x2048":""},"post_excerpt_stackable":"<p>Dokument\u00e4ren Pollenkungen \u00e4r en dokument\u00e4rserie i tre delar. Pollenkungen Del 1 UFO \u00e4r den f\u00f6rsta filmen i trilogin om entrepren\u00f6ren G\u00f6sta Carlsson. G\u00f6sta Carlsson, ocks\u00e5 kallad Pollenkungen blev m\u00e5ngmiljon\u00e4r p\u00e5 att samla in pollen i stor skala. En del av pengarna satsade han p\u00e5 R\u00f6gle BK, vilket ledde till stora framg\u00e5ngar p\u00e5 sextiotalet. Id\u00e9n och kunskapen om polleninsamling p\u00e5st\u00e5r G\u00f6sta att han f\u00e5tt i samband med sitt utomjordiska m\u00f6te 1946. Utomjordingarna l\u00e4mnade inte bara id\u00e9er utan \u00e4ven en stav och en ring, som idag \u00e4r sp\u00e5rl\u00f6st f\u00f6rsvunna. 1972 uppf\u00f6rde G\u00f6sta ett UFO-monument i skala 1:8 p\u00e5 platsen d\u00e4r utomjordingarna landade,&hellip;<\/p>\n","category_list":"","author_info":{"name":"Carlos","url":"https:\/\/dev.comotion.se\/pollenkungen\/author\/carlos\/"},"comments_num":"0 comments","aioseo_notices":[],"uagb_featured_image_src":{"full":false,"thumbnail":false,"medium":false,"medium_large":false,"large":false,"1536x1536":false,"2048x2048":false},"uagb_author_info":{"display_name":"Carlos","author_link":"https:\/\/dev.comotion.se\/pollenkungen\/author\/carlos\/"},"uagb_comment_info":0,"uagb_excerpt":"Del 1 hade premi\u00e4r 2015 och finns att k\u00f6pa hos f\u00f6ljande \u00e5terf\u00f6rs\u00e4ljare","_links":{"self":[{"href":"https:\/\/dev.comotion.se\/pollenkungen\/wp-json\/wp\/v2\/pages\/682","targetHints":{"allow":["GET"]}}],"collection":[{"href":"https:\/\/dev.comotion.se\/pollenkungen\/wp-json\/wp\/v2\/pages"}],"about":[{"href":"https:\/\/dev.comotion.se\/pollenkungen\/wp-json\/wp\/v2\/types\/page"}],"author":[{"embeddable":true,"href":"https:\/\/dev.comotion.se\/pollenkungen\/wp-json\/wp\/v2\/users\/1"}],"replies":[{"embeddable":true,"href":"https:\/\/dev.comotion.se\/pollenkungen\/wp-json\/wp\/v2\/comments?post=682"}],"version-history":[{"count":228,"href":"https:\/\/dev.comotion.se\/pollenkungen\/wp-json\/wp\/v2\/pages\/682\/revisions"}],"predecessor-version":[{"id":1883,"href":"https:\/\/dev.comotion.se\/pollenkungen\/wp-json\/wp\/v2\/pages\/682\/revisions\/1883"}],"wp:attachment":[{"href":"https:\/\/dev.comotion.se\/pollenkungen\/wp-json\/wp\/v2\/media?parent=682"}],"curies":[{"name":"wp","href":"https:\/\/api.w.org\/{rel}","templated":true}]}}